{"id":297,"date":"2017-05-08T03:45:29","date_gmt":"2017-05-08T02:45:29","guid":{"rendered":"http:\/\/www.aquadeus.es\/empresa\/"},"modified":"2024-07-03T09:23:48","modified_gmt":"2024-07-03T08:23:48","slug":"the-company","status":"publish","type":"page","link":"https:\/\/www.aquadeus.es\/en\/the-company\/","title":{"rendered":"The Company"},"content":{"rendered":"<h1><span style=\"color: #001588;\">Aquadeus a company in<\/span> <span style=\"color: #94348c;\">constant<\/span><br \/>\n<span style=\"color: #94348c;\"> evolution and growth<\/span><\/h1>\n<p>&nbsp;<\/p>\n\n<p>Aquadeus, a natural mineral water company, with a clear work philosophy, based on quality, service and innovation. This commitment to continuous improvement allows us to offer the market one of the best mineral waters due to its chemical composition..<\/p>\n<p>&nbsp;<\/p>\n\n<h2><span style=\"color: #001588;\">Aquadeus, is part of the <\/span> <span style=\"color: #94348c;\">Grupo Fuertes and Roxane Group<\/span><\/h2>\n<p>&nbsp;<\/p>\n\n<p>The Grupo Fuertes is a holding company made up of twenty companies and has over 6,500 workers. Comprising of a solid agri-food core and a collection of diversified investments.<br \/>\nFrom among the best known companies which make up the group are ElPozo Alimentaci\u00f3n, Fripozo, Aquadeus, Palancares Alimentaci\u00f3n, Bodegas Luz\u00f3n, Profusa, Vis Hoteles or Terra Natura amusement parks.<\/p>\n<p>&nbsp;<\/p>\n\n<p>The holding company bases its business philosophy on continuous improvement, reinvestment and sustainable development. Having a code of conduct which reinforces its commitment to excellence and promotes a working environment that fosters the integrity of individuals and environmental friendliness.<\/p>\n<p>&nbsp;<\/p>\n\n<p>The Grupo Roxane is the leading European bottled water producer. Having over 42 water bottlers in Europe, over 60 years of experience in the sector, in permanent and continuous expansion. Roxane is synonymous with quality assurance, uses industrial tools at the forefront of technology; produces both own brands and co-packing; one of which is, Cristaline is leader in the French water market. This company works in satisfying the needs of consumers and their health.<\/p>\n","protected":false},"excerpt":{"rendered":"<p>Aquadeus a company in constant evolution and growth Aquadeus, a natural mineral water company, with a clear work philosophy, based on quality, service and innovation. This commitment to continuous improvement allows us to offer the market one of the best mineral waters due to its chemical composition.. Aquadeus, is part of the Grupo Fuertes and [&hellip;]<\/p>\n","protected":false},"author":1,"featured_media":0,"parent":0,"menu_order":0,"comment_status":"closed","ping_status":"closed","template":"page-company.php","meta":{"footnotes":""},"class_list":["post-297","page","type-page","status-publish","hentry"],"acf":[],"yoast_head":"<!-- This site is optimized with the Yoast SEO plugin v27.4 - https:\/\/yoast.com\/product\/yoast-seo-wordpress\/ -->\n<title>Meet our company : Aquadeus<\/title>\n<meta name=\"description\" content=\"At Aquadeus we are committed to quality, service and innovation to offer you one of the best mineral waters. Grupo Fuertes and Grupo Alma\" \/>\n<meta name=\"robots\" content=\"index, follow, max-snippet:-1, max-image-preview:large, max-video-preview:-1\" \/>\n<link rel=\"canonical\" href=\"https:\/\/www.aquadeus.es\/la-empresa\/\" \/>\n<meta property=\"og:locale\" content=\"en_US\" \/>\n<meta property=\"og:type\" content=\"article\" \/>\n<meta property=\"og:title\" content=\"Meet our company : Aquadeus\" \/>\n<meta property=\"og:description\" content=\"At Aquadeus we are committed to quality, service and innovation to offer you one of the best mineral waters. Grupo Fuertes and Grupo Alma\" \/>\n<meta property=\"og:url\" content=\"https:\/\/www.aquadeus.es\/la-empresa\/\" \/>\n<meta property=\"og:site_name\" content=\"AQUADEUS\" \/>\n<meta property=\"article:modified_time\" content=\"2024-07-03T08:23:48+00:00\" \/>\n<meta name=\"twitter:card\" content=\"summary_large_image\" \/>\n<meta name=\"twitter:label1\" content=\"Est. reading time\" \/>\n\t<meta name=\"twitter:data1\" content=\"1 minute\" \/>\n<script type=\"application\/ld+json\" class=\"yoast-schema-graph\">{\"@context\":\"https:\\\/\\\/schema.org\",\"@graph\":[{\"@type\":\"WebPage\",\"@id\":\"https:\\\/\\\/www.aquadeus.es\\\/la-empresa\\\/\",\"url\":\"https:\\\/\\\/www.aquadeus.es\\\/la-empresa\\\/\",\"name\":\"Meet our company : Aquadeus\",\"isPartOf\":{\"@id\":\"https:\\\/\\\/www.aquadeus.es\\\/#website\"},\"datePublished\":\"2017-05-08T02:45:29+00:00\",\"dateModified\":\"2024-07-03T08:23:48+00:00\",\"description\":\"At Aquadeus we are committed to quality, service and innovation to offer you one of the best mineral waters. Grupo Fuertes and Grupo Alma\",\"breadcrumb\":{\"@id\":\"https:\\\/\\\/www.aquadeus.es\\\/la-empresa\\\/#breadcrumb\"},\"inLanguage\":\"en-US\",\"potentialAction\":[{\"@type\":\"ReadAction\",\"target\":[\"https:\\\/\\\/www.aquadeus.es\\\/la-empresa\\\/\"]}]},{\"@type\":\"BreadcrumbList\",\"@id\":\"https:\\\/\\\/www.aquadeus.es\\\/la-empresa\\\/#breadcrumb\",\"itemListElement\":[{\"@type\":\"ListItem\",\"position\":1,\"name\":\"Portada\",\"item\":\"https:\\\/\\\/www.aquadeus.es\\\/en\\\/\"},{\"@type\":\"ListItem\",\"position\":2,\"name\":\"The Company\"}]},{\"@type\":\"WebSite\",\"@id\":\"https:\\\/\\\/www.aquadeus.es\\\/#website\",\"url\":\"https:\\\/\\\/www.aquadeus.es\\\/\",\"name\":\"AQUADEUS\",\"description\":\"\",\"potentialAction\":[{\"@type\":\"SearchAction\",\"target\":{\"@type\":\"EntryPoint\",\"urlTemplate\":\"https:\\\/\\\/www.aquadeus.es\\\/?s={search_term_string}\"},\"query-input\":{\"@type\":\"PropertyValueSpecification\",\"valueRequired\":true,\"valueName\":\"search_term_string\"}}],\"inLanguage\":\"en-US\"}]}<\/script>\n<!-- \/ Yoast SEO plugin. -->","yoast_head_json":{"title":"Meet our company : Aquadeus","description":"At Aquadeus we are committed to quality, service and innovation to offer you one of the best mineral waters. Grupo Fuertes and Grupo Alma","robots":{"index":"index","follow":"follow","max-snippet":"max-snippet:-1","max-image-preview":"max-image-preview:large","max-video-preview":"max-video-preview:-1"},"canonical":"https:\/\/www.aquadeus.es\/la-empresa\/","og_locale":"en_US","og_type":"article","og_title":"Meet our company : Aquadeus","og_description":"At Aquadeus we are committed to quality, service and innovation to offer you one of the best mineral waters. Grupo Fuertes and Grupo Alma","og_url":"https:\/\/www.aquadeus.es\/la-empresa\/","og_site_name":"AQUADEUS","article_modified_time":"2024-07-03T08:23:48+00:00","twitter_card":"summary_large_image","twitter_misc":{"Est. reading time":"1 minute"},"schema":{"@context":"https:\/\/schema.org","@graph":[{"@type":"WebPage","@id":"https:\/\/www.aquadeus.es\/la-empresa\/","url":"https:\/\/www.aquadeus.es\/la-empresa\/","name":"Meet our company : Aquadeus","isPartOf":{"@id":"https:\/\/www.aquadeus.es\/#website"},"datePublished":"2017-05-08T02:45:29+00:00","dateModified":"2024-07-03T08:23:48+00:00","description":"At Aquadeus we are committed to quality, service and innovation to offer you one of the best mineral waters. Grupo Fuertes and Grupo Alma","breadcrumb":{"@id":"https:\/\/www.aquadeus.es\/la-empresa\/#breadcrumb"},"inLanguage":"en-US","potentialAction":[{"@type":"ReadAction","target":["https:\/\/www.aquadeus.es\/la-empresa\/"]}]},{"@type":"BreadcrumbList","@id":"https:\/\/www.aquadeus.es\/la-empresa\/#breadcrumb","itemListElement":[{"@type":"ListItem","position":1,"name":"Portada","item":"https:\/\/www.aquadeus.es\/en\/"},{"@type":"ListItem","position":2,"name":"The Company"}]},{"@type":"WebSite","@id":"https:\/\/www.aquadeus.es\/#website","url":"https:\/\/www.aquadeus.es\/","name":"AQUADEUS","description":"","potentialAction":[{"@type":"SearchAction","target":{"@type":"EntryPoint","urlTemplate":"https:\/\/www.aquadeus.es\/?s={search_term_string}"},"query-input":{"@type":"PropertyValueSpecification","valueRequired":true,"valueName":"search_term_string"}}],"inLanguage":"en-US"}]}},"_links":{"self":[{"href":"https:\/\/www.aquadeus.es\/en\/wp-json\/wp\/v2\/pages\/297","targetHints":{"allow":["GET"]}}],"collection":[{"href":"https:\/\/www.aquadeus.es\/en\/wp-json\/wp\/v2\/pages"}],"about":[{"href":"https:\/\/www.aquadeus.es\/en\/wp-json\/wp\/v2\/types\/page"}],"author":[{"embeddable":true,"href":"https:\/\/www.aquadeus.es\/en\/wp-json\/wp\/v2\/users\/1"}],"replies":[{"embeddable":true,"href":"https:\/\/www.aquadeus.es\/en\/wp-json\/wp\/v2\/comments?post=297"}],"version-history":[{"count":5,"href":"https:\/\/www.aquadeus.es\/en\/wp-json\/wp\/v2\/pages\/297\/revisions"}],"predecessor-version":[{"id":1155,"href":"https:\/\/www.aquadeus.es\/en\/wp-json\/wp\/v2\/pages\/297\/revisions\/1155"}],"wp:attachment":[{"href":"https:\/\/www.aquadeus.es\/en\/wp-json\/wp\/v2\/media?parent=297"}],"curies":[{"name":"wp","href":"https:\/\/api.w.org\/{rel}","templated":true}]}}